{"id":10,"date":"2025-03-26T10:13:05","date_gmt":"2025-03-26T10:13:05","guid":{"rendered":"https:\/\/vlatkaskoro.com\/eng\/?page_id=10"},"modified":"2025-04-07T11:00:33","modified_gmt":"2025-04-07T11:00:33","slug":"vlatka-skoro","status":"publish","type":"page","link":"https:\/\/vlatkaskoro.com\/eng\/","title":{"rendered":"Vlatka \u0160koro"},"content":{"rendered":"\t\t<div data-elementor-type=\"wp-page\" data-elementor-id=\"10\" class=\"elementor elementor-10\" data-elementor-post-type=\"page\">\n\t\t\t\t<div class=\"elementor-element elementor-element-fddd968 e-con-full animated-slow e-flex elementor-invisible e-con e-parent\" data-id=\"fddd968\" data-element_type=\"container\" data-settings=\"{&quot;background_background&quot;:&quot;classic&quot;,&quot;animation&quot;:&quot;fadeIn&quot;}\">\n\t\t<div class=\"elementor-element elementor-element-1b33522 e-con-full e-flex e-con e-child\" data-id=\"1b33522\" data-element_type=\"container\">\n\t\t\t\t<div class=\"elementor-element elementor-element-317305a elementor-view-default elementor-widget elementor-widget-icon\" data-id=\"317305a\" data-element_type=\"widget\" data-widget_type=\"icon.default\">\n\t\t\t\t<div class=\"elementor-widget-container\">\n\t\t\t\t\t\t\t<div class=\"elementor-icon-wrapper\">\n\t\t\t<a class=\"elementor-icon\" href=\"#elementor-action%3Aaction%3Dpopup%3Aopen%26settings%3DeyJpZCI6IjQ0IiwidG9nZ2xlIjpmYWxzZX0%3D\">\n\t\t\t<svg aria-hidden=\"true\" class=\"e-font-icon-svg e-fas-bars\" viewBox=\"0 0 448 512\" xmlns=\"http:\/\/www.w3.org\/2000\/svg\"><path d=\"M16 132h416c8.837 0 16-7.163 16-16V76c0-8.837-7.163-16-16-16H16C7.163 60 0 67.163 0 76v40c0 8.837 7.163 16 16 16zm0 160h416c8.837 0 16-7.163 16-16v-40c0-8.837-7.163-16-16-16H16c-8.837 0-16 7.163-16 16v40c0 8.837 7.163 16 16 16zm0 160h416c8.837 0 16-7.163 16-16v-40c0-8.837-7.163-16-16-16H16c-8.837 0-16 7.163-16 16v40c0 8.837 7.163 16 16 16z\"><\/path><\/svg>\t\t\t<\/a>\n\t\t<\/div>\n\t\t\t\t\t\t<\/div>\n\t\t\t\t<\/div>\n\t\t\t\t<div class=\"elementor-element elementor-element-42dc50e elementor-widget-mobile__width-auto elementor-widget elementor-widget-heading\" data-id=\"42dc50e\" data-element_type=\"widget\" data-widget_type=\"heading.default\">\n\t\t\t\t<div class=\"elementor-widget-container\">\n\t\t\t\t\t<h1 class=\"elementor-heading-title elementor-size-default\"><a href=\"https:\/\/vlatkaskoro.com\/eng\/\">Vlatka \u0160koro<\/a><\/h1>\t\t\t\t<\/div>\n\t\t\t\t<\/div>\n\t\t\t\t<\/div>\n\t\t\t\t<\/div>\n\t\t\t\t<\/div>\n\t\t","protected":false},"excerpt":{"rendered":"<p>Vlatka \u0160koro<\/p>\n","protected":false},"author":1,"featured_media":17,"parent":0,"menu_order":0,"comment_status":"closed","ping_status":"closed","template":"elementor_canvas","meta":{"inline_featured_image":false,"footnotes":""},"class_list":["post-10","page","type-page","status-publish","has-post-thumbnail","hentry"],"yoast_head":"<!-- This site is optimized with the Yoast SEO plugin v24.8.1 - https:\/\/yoast.com\/wordpress\/plugins\/seo\/ -->\n<title>Vlatka \u0160koro<\/title>\n<meta name=\"description\" content=\"Vlatka \u0160koro (1987. Osijek) magistrirala je kiparstvo 2010. godine, a doktorirala 2018. godine na Akademiji likovnih umjetnosti u Zagrebu.\" \/>\n<meta name=\"robots\" content=\"index, follow, max-snippet:-1, max-image-preview:large, max-video-preview:-1\" \/>\n<link rel=\"canonical\" href=\"https:\/\/vlatkaskoro.com\/eng\/\" \/>\n<meta property=\"og:locale\" content=\"en_US\" \/>\n<meta property=\"og:type\" content=\"article\" \/>\n<meta property=\"og:title\" content=\"Vlatka \u0160koro\" \/>\n<meta property=\"og:description\" content=\"Vlatka \u0160koro (1987. Osijek) magistrirala je kiparstvo 2010. godine, a doktorirala 2018. godine na Akademiji likovnih umjetnosti u Zagrebu. Izlagala je na samostalnim i skupnim izlo\u017ebama u zemlji i inozemstvu. Sudjelovala je na brojnim radionicama i festivalima u Osijeku, Puli, Zagrebu, Vinkovcima, Na\u0161icama itd. Dobitnica je Erste Grand Prix nagrade 2010. godine za skulpturu Indigo dijete, nagrade HDLU Zagreb za najbolju mladu umjetnicu 2020. godine, te Nagrade \u017eirija na izlo\u017ebi One su tu 2025. za rad \u010copor. Radovi joj se nalaze u nekoliko privatnih i muzejskih zbirki. \u010clanica je Hrvatskog dru\u0161tva likovnih umjetnika Zagreb i Hrvatskog dru\u0161tva likovnih umjetnika Istok. Trenutno \u017eivi i radi u Osijeku.\" \/>\n<meta property=\"og:url\" content=\"https:\/\/vlatkaskoro.com\/eng\/\" \/>\n<meta property=\"og:site_name\" content=\"Vlatka \u0160koro\" \/>\n<meta property=\"article:modified_time\" content=\"2025-04-07T11:00:33+00:00\" \/>\n<meta property=\"og:image\" content=\"https:\/\/vlatkaskoro.com\/eng\/wp-content\/uploads\/2025\/03\/vlatka_skoro_naslovna.jpg\" \/>\n\t<meta property=\"og:image:width\" content=\"2014\" \/>\n\t<meta property=\"og:image:height\" content=\"1340\" \/>\n\t<meta property=\"og:image:type\" content=\"image\/jpeg\" \/>\n<meta name=\"twitter:card\" content=\"summary_large_image\" \/>\n<meta name=\"twitter:label1\" content=\"Est. reading time\" \/>\n\t<meta name=\"twitter:data1\" content=\"1 minute\" \/>\n<script type=\"application\/ld+json\" class=\"yoast-schema-graph\">{\"@context\":\"https:\/\/schema.org\",\"@graph\":[{\"@type\":\"WebPage\",\"@id\":\"https:\/\/vlatkaskoro.com\/eng\/\",\"url\":\"https:\/\/vlatkaskoro.com\/eng\/\",\"name\":\"Vlatka \u0160koro\",\"isPartOf\":{\"@id\":\"https:\/\/vlatkaskoro.com\/eng\/#website\"},\"primaryImageOfPage\":{\"@id\":\"https:\/\/vlatkaskoro.com\/eng\/#primaryimage\"},\"image\":{\"@id\":\"https:\/\/vlatkaskoro.com\/eng\/#primaryimage\"},\"thumbnailUrl\":\"https:\/\/vlatkaskoro.com\/eng\/wp-content\/uploads\/2025\/03\/vlatka_skoro_naslovna.jpg\",\"datePublished\":\"2025-03-26T10:13:05+00:00\",\"dateModified\":\"2025-04-07T11:00:33+00:00\",\"description\":\"Vlatka \u0160koro (1987. Osijek) magistrirala je kiparstvo 2010. godine, a doktorirala 2018. godine na Akademiji likovnih umjetnosti u Zagrebu.\",\"breadcrumb\":{\"@id\":\"https:\/\/vlatkaskoro.com\/eng\/#breadcrumb\"},\"inLanguage\":\"en-US\",\"potentialAction\":[{\"@type\":\"ReadAction\",\"target\":[\"https:\/\/vlatkaskoro.com\/eng\/\"]}]},{\"@type\":\"ImageObject\",\"inLanguage\":\"en-US\",\"@id\":\"https:\/\/vlatkaskoro.com\/eng\/#primaryimage\",\"url\":\"https:\/\/vlatkaskoro.com\/eng\/wp-content\/uploads\/2025\/03\/vlatka_skoro_naslovna.jpg\",\"contentUrl\":\"https:\/\/vlatkaskoro.com\/eng\/wp-content\/uploads\/2025\/03\/vlatka_skoro_naslovna.jpg\",\"width\":2014,\"height\":1340},{\"@type\":\"BreadcrumbList\",\"@id\":\"https:\/\/vlatkaskoro.com\/eng\/#breadcrumb\",\"itemListElement\":[{\"@type\":\"ListItem\",\"position\":1,\"name\":\"Home\",\"item\":\"https:\/\/vlatkaskoro.com\/eng\/\"},{\"@type\":\"ListItem\",\"position\":2,\"name\":\"Vlatka \u0160koro\"}]},{\"@type\":\"WebSite\",\"@id\":\"https:\/\/vlatkaskoro.com\/eng\/#website\",\"url\":\"https:\/\/vlatkaskoro.com\/eng\/\",\"name\":\"Vlatka \u0160koro\",\"description\":\"Vlatka \u0160koro\",\"potentialAction\":[{\"@type\":\"SearchAction\",\"target\":{\"@type\":\"EntryPoint\",\"urlTemplate\":\"https:\/\/vlatkaskoro.com\/eng\/?s={search_term_string}\"},\"query-input\":{\"@type\":\"PropertyValueSpecification\",\"valueRequired\":true,\"valueName\":\"search_term_string\"}}],\"inLanguage\":\"en-US\"}]}<\/script>\n<!-- \/ Yoast SEO plugin. -->","yoast_head_json":{"title":"Vlatka \u0160koro","description":"Vlatka \u0160koro (1987. Osijek) magistrirala je kiparstvo 2010. godine, a doktorirala 2018. godine na Akademiji likovnih umjetnosti u Zagrebu.","robots":{"index":"index","follow":"follow","max-snippet":"max-snippet:-1","max-image-preview":"max-image-preview:large","max-video-preview":"max-video-preview:-1"},"canonical":"https:\/\/vlatkaskoro.com\/eng\/","og_locale":"en_US","og_type":"article","og_title":"Vlatka \u0160koro","og_description":"Vlatka \u0160koro (1987. Osijek) magistrirala je kiparstvo 2010. godine, a doktorirala 2018. godine na Akademiji likovnih umjetnosti u Zagrebu. Izlagala je na samostalnim i skupnim izlo\u017ebama u zemlji i inozemstvu. Sudjelovala je na brojnim radionicama i festivalima u Osijeku, Puli, Zagrebu, Vinkovcima, Na\u0161icama itd. Dobitnica je Erste Grand Prix nagrade 2010. godine za skulpturu Indigo dijete, nagrade HDLU Zagreb za najbolju mladu umjetnicu 2020. godine, te Nagrade \u017eirija na izlo\u017ebi One su tu 2025. za rad \u010copor. Radovi joj se nalaze u nekoliko privatnih i muzejskih zbirki. \u010clanica je Hrvatskog dru\u0161tva likovnih umjetnika Zagreb i Hrvatskog dru\u0161tva likovnih umjetnika Istok. Trenutno \u017eivi i radi u Osijeku.","og_url":"https:\/\/vlatkaskoro.com\/eng\/","og_site_name":"Vlatka \u0160koro","article_modified_time":"2025-04-07T11:00:33+00:00","og_image":[{"width":2014,"height":1340,"url":"https:\/\/vlatkaskoro.com\/eng\/wp-content\/uploads\/2025\/03\/vlatka_skoro_naslovna.jpg","type":"image\/jpeg"}],"twitter_card":"summary_large_image","twitter_misc":{"Est. reading time":"1 minute"},"schema":{"@context":"https:\/\/schema.org","@graph":[{"@type":"WebPage","@id":"https:\/\/vlatkaskoro.com\/eng\/","url":"https:\/\/vlatkaskoro.com\/eng\/","name":"Vlatka \u0160koro","isPartOf":{"@id":"https:\/\/vlatkaskoro.com\/eng\/#website"},"primaryImageOfPage":{"@id":"https:\/\/vlatkaskoro.com\/eng\/#primaryimage"},"image":{"@id":"https:\/\/vlatkaskoro.com\/eng\/#primaryimage"},"thumbnailUrl":"https:\/\/vlatkaskoro.com\/eng\/wp-content\/uploads\/2025\/03\/vlatka_skoro_naslovna.jpg","datePublished":"2025-03-26T10:13:05+00:00","dateModified":"2025-04-07T11:00:33+00:00","description":"Vlatka \u0160koro (1987. Osijek) magistrirala je kiparstvo 2010. godine, a doktorirala 2018. godine na Akademiji likovnih umjetnosti u Zagrebu.","breadcrumb":{"@id":"https:\/\/vlatkaskoro.com\/eng\/#breadcrumb"},"inLanguage":"en-US","potentialAction":[{"@type":"ReadAction","target":["https:\/\/vlatkaskoro.com\/eng\/"]}]},{"@type":"ImageObject","inLanguage":"en-US","@id":"https:\/\/vlatkaskoro.com\/eng\/#primaryimage","url":"https:\/\/vlatkaskoro.com\/eng\/wp-content\/uploads\/2025\/03\/vlatka_skoro_naslovna.jpg","contentUrl":"https:\/\/vlatkaskoro.com\/eng\/wp-content\/uploads\/2025\/03\/vlatka_skoro_naslovna.jpg","width":2014,"height":1340},{"@type":"BreadcrumbList","@id":"https:\/\/vlatkaskoro.com\/eng\/#breadcrumb","itemListElement":[{"@type":"ListItem","position":1,"name":"Home","item":"https:\/\/vlatkaskoro.com\/eng\/"},{"@type":"ListItem","position":2,"name":"Vlatka \u0160koro"}]},{"@type":"WebSite","@id":"https:\/\/vlatkaskoro.com\/eng\/#website","url":"https:\/\/vlatkaskoro.com\/eng\/","name":"Vlatka \u0160koro","description":"Vlatka \u0160koro","potentialAction":[{"@type":"SearchAction","target":{"@type":"EntryPoint","urlTemplate":"https:\/\/vlatkaskoro.com\/eng\/?s={search_term_string}"},"query-input":{"@type":"PropertyValueSpecification","valueRequired":true,"valueName":"search_term_string"}}],"inLanguage":"en-US"}]}},"_links":{"self":[{"href":"https:\/\/vlatkaskoro.com\/eng\/wp-json\/wp\/v2\/pages\/10","targetHints":{"allow":["GET"]}}],"collection":[{"href":"https:\/\/vlatkaskoro.com\/eng\/wp-json\/wp\/v2\/pages"}],"about":[{"href":"https:\/\/vlatkaskoro.com\/eng\/wp-json\/wp\/v2\/types\/page"}],"author":[{"embeddable":true,"href":"https:\/\/vlatkaskoro.com\/eng\/wp-json\/wp\/v2\/users\/1"}],"replies":[{"embeddable":true,"href":"https:\/\/vlatkaskoro.com\/eng\/wp-json\/wp\/v2\/comments?post=10"}],"version-history":[{"count":37,"href":"https:\/\/vlatkaskoro.com\/eng\/wp-json\/wp\/v2\/pages\/10\/revisions"}],"predecessor-version":[{"id":186,"href":"https:\/\/vlatkaskoro.com\/eng\/wp-json\/wp\/v2\/pages\/10\/revisions\/186"}],"wp:featuredmedia":[{"embeddable":true,"href":"https:\/\/vlatkaskoro.com\/eng\/wp-json\/wp\/v2\/media\/17"}],"wp:attachment":[{"href":"https:\/\/vlatkaskoro.com\/eng\/wp-json\/wp\/v2\/media?parent=10"}],"curies":[{"name":"wp","href":"https:\/\/api.w.org\/{rel}","templated":true}]}}